{"id":1381,"date":"2020-08-12T14:33:03","date_gmt":"2020-08-12T11:33:03","guid":{"rendered":"https:\/\/www.christosplace.gr\/\/cottage-simone\/"},"modified":"2020-10-30T10:13:37","modified_gmt":"2020-10-30T08:13:37","slug":"cottage-simone","status":"publish","type":"page","link":"https:\/\/www.christosplace.gr\/de\/cottage-simone\/","title":{"rendered":"Cottage Simone"},"content":{"rendered":"\t\t<div data-elementor-type=\"wp-page\" data-elementor-id=\"1381\" class=\"elementor elementor-1381 elementor-1374\" data-elementor-settings=\"[]\">\n\t\t\t<div class=\"elementor-inner\">\n\t\t\t\t<div class=\"elementor-section-wrap\">\n\t\t\t\t\t\t\t<section class=\"elementor-element elementor-element-4c7fcdd elementor-section-stretched elementor-section-full_width pagebanner elementor-section-height-default elementor-section-height-default elementor-section elementor-top-section\" data-id=\"4c7fcdd\" data-element_type=\"section\" data-settings=\"{&quot;stretch_section&quot;:&quot;section-stretched&quot;,&quot;background_background&quot;:&quot;classic&quot;}\">\n\t\t\t\t\t\t<div class=\"elementor-container elementor-column-gap-default\">\n\t\t\t\t<div class=\"elementor-row\">\n\t\t\t\t<div class=\"elementor-element elementor-element-dc85b80 elementor-column elementor-col-100 elementor-top-column\" data-id=\"dc85b80\" data-element_type=\"column\">\n\t\t\t<div class=\"elementor-column-wrap  elementor-element-populated\">\n\t\t\t\t\t<div class=\"elementor-widget-wrap\">\n\t\t\t\t<div class=\"elementor-element elementor-element-8c2c623 pagetitle elementor-widget elementor-widget-text-editor\" data-id=\"8c2c623\" data-element_type=\"widget\" data-widget_type=\"text-editor.default\">\n\t\t\t\t<div class=\"elementor-widget-container\">\n\t\t\t\t\t<div class=\"elementor-text-editor elementor-clearfix\"><h1 style=\"text-align: center;\">Simone<\/h1><\/div>\n\t\t\t\t<\/div>\n\t\t\t\t<\/div>\n\t\t\t\t\t\t<\/div>\n\t\t\t<\/div>\n\t\t<\/div>\n\t\t\t\t\t\t<\/div>\n\t\t\t<\/div>\n\t\t<\/section>\n\t\t\t\t<section class=\"elementor-element elementor-element-7247366 txtbeforeroominfo elementor-section-boxed elementor-section-height-default elementor-section-height-default elementor-section elementor-top-section\" data-id=\"7247366\" data-element_type=\"section\">\n\t\t\t\t\t\t<div class=\"elementor-container elementor-column-gap-default\">\n\t\t\t\t<div class=\"elementor-row\">\n\t\t\t\t<div class=\"elementor-element elementor-element-51385fe elementor-column elementor-col-100 elementor-top-column\" data-id=\"51385fe\" data-element_type=\"column\">\n\t\t\t<div class=\"elementor-column-wrap  elementor-element-populated\">\n\t\t\t\t\t<div class=\"elementor-widget-wrap\">\n\t\t\t\t<div class=\"elementor-element elementor-element-63b32a8 cottagesentrytxt elementor-widget elementor-widget-text-editor\" data-id=\"63b32a8\" data-element_type=\"widget\" data-widget_type=\"text-editor.default\">\n\t\t\t\t<div class=\"elementor-widget-container\">\n\t\t\t\t\t<div class=\"elementor-text-editor elementor-clearfix\"><p class=\"txtbeforeinfo\" style=\"text-align: center; color: #851118;\">Unser kleinstes Haus mit gro\u00dfartiger Aussicht.<\/p><\/div>\n\t\t\t\t<\/div>\n\t\t\t\t<\/div>\n\t\t\t\t\t\t<\/div>\n\t\t\t<\/div>\n\t\t<\/div>\n\t\t\t\t\t\t<\/div>\n\t\t\t<\/div>\n\t\t<\/section>\n\t\t\t\t<section class=\"elementor-element elementor-element-5068619 singleroomrow01 elementor-section-content-bottom elementor-reverse-mobile elementor-section-boxed elementor-section-height-default elementor-section-height-default elementor-section elementor-top-section\" data-id=\"5068619\" data-element_type=\"section\">\n\t\t\t\t\t\t<div class=\"elementor-container elementor-column-gap-default\">\n\t\t\t\t<div class=\"elementor-row\">\n\t\t\t\t<div class=\"elementor-element elementor-element-cbc36f1 singleroominfo elementor-column elementor-col-50 elementor-top-column\" data-id=\"cbc36f1\" data-element_type=\"column\">\n\t\t\t<div class=\"elementor-column-wrap  elementor-element-populated\">\n\t\t\t\t\t<div class=\"elementor-widget-wrap\">\n\t\t\t\t<div class=\"elementor-element elementor-element-47db57b elementor-widget elementor-widget-text-editor\" data-id=\"47db57b\" data-element_type=\"widget\" data-widget_type=\"text-editor.default\">\n\t\t\t\t<div class=\"elementor-widget-container\">\n\t\t\t\t\t<div class=\"elementor-text-editor elementor-clearfix\"><p class=\"roominfotitle\" style=\"text-align: left;\"><span class=\"text01\">Simone<br \/><\/span><span class=\"text02\">42m<sup>2<\/sup><\/span> <span class=\"text03\">f\u00fcr bis zu 2 G\u00e4ste<\/span><\/p><p>1 Schlafzimmer mit Doppelbett<\/p><ul class=\"cottageinlinelist\"><li>Separater Eingang<\/li><li>Hochwertiges Keramikkochfeld<\/li><li>K\u00fchlschrank<\/li><li>Mikrowelle<\/li><li>Komfortables Badezimmer<\/li><li>Boxspring-Matratzen<\/li><li>Fu\u00dfbodenheizung<\/li><li>Klimaanlage<\/li><li>Telefon<\/li><li>Satelliten Fernsehen<\/li><li>Kostenloser Internetzugang<\/li><li>Privater Parkplatz<\/li><li>Gartenm\u00f6bel<\/li><li>Au\u00dfendusche<\/li><li>Sonnenliegen<\/li><li>Willkommenspaket<br \/>(Oliven\u00f6l, Essig, Bergtee, Filterkaffee, Zucker, Salz und Pfeffer)<\/li><li>Solarbetreibende Strom- und Warmwasserversorgung<\/li><\/ul><\/div>\n\t\t\t\t<\/div>\n\t\t\t\t<\/div>\n\t\t\t\t\t\t<\/div>\n\t\t\t<\/div>\n\t\t<\/div>\n\t\t\t\t<div class=\"elementor-element elementor-element-9e3a4a2 elementor-column elementor-col-50 elementor-top-column\" data-id=\"9e3a4a2\" data-element_type=\"column\">\n\t\t\t<div class=\"elementor-column-wrap  elementor-element-populated\">\n\t\t\t\t\t<div class=\"elementor-widget-wrap\">\n\t\t\t\t<div class=\"elementor-element elementor-element-89d44aa elementor-widget elementor-widget-image\" data-id=\"89d44aa\" data-element_type=\"widget\" data-widget_type=\"image.default\">\n\t\t\t\t<div class=\"elementor-widget-container\">\n\t\t\t\t\t<div class=\"elementor-image\">\n\t\t\t\t\t\t\t\t\t\t<img loading=\"lazy\" decoding=\"async\" width=\"960\" height=\"639\" src=\"https:\/\/www.christosplace.gr\/wp-content\/uploads\/2020\/10\/simone.jpg\" class=\"attachment-full size-full\" alt=\"Christos Place\" srcset=\"https:\/\/www.christosplace.gr\/wp-content\/uploads\/2020\/10\/simone.jpg 960w, https:\/\/www.christosplace.gr\/wp-content\/uploads\/2020\/10\/simone-300x200.jpg 300w, https:\/\/www.christosplace.gr\/wp-content\/uploads\/2020\/10\/simone-768x511.jpg 768w\" sizes=\"(max-width: 960px) 100vw, 960px\" \/>\t\t\t\t\t\t\t\t\t\t\t<\/div>\n\t\t\t\t<\/div>\n\t\t\t\t<\/div>\n\t\t\t\t\t\t<\/div>\n\t\t\t<\/div>\n\t\t<\/div>\n\t\t\t\t\t\t<\/div>\n\t\t\t<\/div>\n\t\t<\/section>\n\t\t\t\t<section class=\"elementor-element elementor-element-930fb93 elementor-section-stretched elementor-section-full_width cottagebuttons elementor-section-height-default elementor-section-height-default elementor-section elementor-top-section\" data-id=\"930fb93\" data-element_type=\"section\" data-settings=\"{&quot;stretch_section&quot;:&quot;section-stretched&quot;}\">\n\t\t\t\t\t\t<div class=\"elementor-container elementor-column-gap-default\">\n\t\t\t\t<div class=\"elementor-row\">\n\t\t\t\t<div class=\"elementor-element elementor-element-9412190 elementor-column elementor-col-100 elementor-top-column\" data-id=\"9412190\" data-element_type=\"column\">\n\t\t\t<div class=\"elementor-column-wrap  elementor-element-populated\">\n\t\t\t\t\t<div class=\"elementor-widget-wrap\">\n\t\t\t\t<div class=\"elementor-element elementor-element-31f45a6 elementor-widget elementor-widget-text-editor\" data-id=\"31f45a6\" data-element_type=\"widget\" data-widget_type=\"text-editor.default\">\n\t\t\t\t<div class=\"elementor-widget-container\">\n\t\t\t\t\t<div class=\"elementor-text-editor elementor-clearfix\"><div class=\"carousbtns singleroombtns\" style=\"text-align: center;\"><a class=\"carouselbtn\" href=\"https:\/\/www.christosplace.gr\/de\/book\/\">Verf\u00fcgbarkeit und Buchung<\/a> <a class=\"carouselbtn\" href=\"https:\/\/www.christosplace.gr\/de\/photo-gallery\/#simone\">Galerie ansehen<\/a><\/div><\/div>\n\t\t\t\t<\/div>\n\t\t\t\t<\/div>\n\t\t\t\t\t\t<\/div>\n\t\t\t<\/div>\n\t\t<\/div>\n\t\t\t\t\t\t<\/div>\n\t\t\t<\/div>\n\t\t<\/section>\n\t\t\t\t\t\t<\/div>\n\t\t\t<\/div>\n\t\t<\/div>\n\t\t","protected":false},"excerpt":{"rendered":"<p>Simone Unser kleinstes Haus mit gro\u00dfartiger Aussicht. Simone42m2 f\u00fcr bis zu 2 G\u00e4ste 1 Schlafzimmer mit Doppelbett Separater Eingang Hochwertiges Keramikkochfeld K\u00fchlschrank Mikrowelle Komfortables Badezimmer Boxspring-Matratzen<span class=\"excerpt-hellip\"> [\u2026]<\/span><\/p>\n","protected":false},"author":1,"featured_media":0,"parent":0,"menu_order":0,"comment_status":"closed","ping_status":"closed","template":"","meta":{"_seopress_robots_primary_cat":"","_seopress_titles_title":"","_seopress_titles_desc":"","_seopress_robots_index":"","footnotes":""},"_links":{"self":[{"href":"https:\/\/www.christosplace.gr\/de\/wp-json\/wp\/v2\/pages\/1381"}],"collection":[{"href":"https:\/\/www.christosplace.gr\/de\/wp-json\/wp\/v2\/pages"}],"about":[{"href":"https:\/\/www.christosplace.gr\/de\/wp-json\/wp\/v2\/types\/page"}],"author":[{"embeddable":true,"href":"https:\/\/www.christosplace.gr\/de\/wp-json\/wp\/v2\/users\/1"}],"replies":[{"embeddable":true,"href":"https:\/\/www.christosplace.gr\/de\/wp-json\/wp\/v2\/comments?post=1381"}],"version-history":[{"count":0,"href":"https:\/\/www.christosplace.gr\/de\/wp-json\/wp\/v2\/pages\/1381\/revisions"}],"wp:attachment":[{"href":"https:\/\/www.christosplace.gr\/de\/wp-json\/wp\/v2\/media?parent=1381"}],"curies":[{"name":"wp","href":"https:\/\/api.w.org\/{rel}","templated":true}]}}