{"id":320,"date":"2020-07-20T11:14:23","date_gmt":"2020-07-20T08:14:23","guid":{"rendered":"https:\/\/www.christosplace.gr\/\/?page_id=320"},"modified":"2020-10-30T16:24:36","modified_gmt":"2020-10-30T14:24:36","slug":"location","status":"publish","type":"page","link":"https:\/\/www.christosplace.gr\/de\/location\/","title":{"rendered":"Lage"},"content":{"rendered":"\t\t<div data-elementor-type=\"wp-page\" data-elementor-id=\"320\" class=\"elementor elementor-320\" data-elementor-settings=\"[]\">\n\t\t\t<div class=\"elementor-inner\">\n\t\t\t\t<div class=\"elementor-section-wrap\">\n\t\t\t\t\t\t\t<section class=\"elementor-element elementor-element-ffa0d19 elementor-section-stretched elementor-section-full_width pagebanner elementor-section-height-default elementor-section-height-default elementor-section elementor-top-section\" data-id=\"ffa0d19\" data-element_type=\"section\" data-settings=\"{&quot;stretch_section&quot;:&quot;section-stretched&quot;,&quot;background_background&quot;:&quot;classic&quot;}\">\n\t\t\t\t\t\t<div class=\"elementor-container elementor-column-gap-default\">\n\t\t\t\t<div class=\"elementor-row\">\n\t\t\t\t<div class=\"elementor-element elementor-element-9db64f8 elementor-column elementor-col-100 elementor-top-column\" data-id=\"9db64f8\" data-element_type=\"column\">\n\t\t\t<div class=\"elementor-column-wrap  elementor-element-populated\">\n\t\t\t\t\t<div class=\"elementor-widget-wrap\">\n\t\t\t\t<div class=\"elementor-element elementor-element-cb255b5 pagetitle elementor-widget elementor-widget-text-editor\" data-id=\"cb255b5\" data-element_type=\"widget\" data-widget_type=\"text-editor.default\">\n\t\t\t\t<div class=\"elementor-widget-container\">\n\t\t\t\t\t<div class=\"elementor-text-editor elementor-clearfix\"><h1 style=\"text-align: center;\">Lage<\/h1><\/div>\n\t\t\t\t<\/div>\n\t\t\t\t<\/div>\n\t\t\t\t\t\t<\/div>\n\t\t\t<\/div>\n\t\t<\/div>\n\t\t\t\t\t\t<\/div>\n\t\t\t<\/div>\n\t\t<\/section>\n\t\t\t\t<section class=\"elementor-element elementor-element-8d01a34 elementor-section-boxed elementor-section-height-default elementor-section-height-default elementor-section elementor-top-section\" data-id=\"8d01a34\" data-element_type=\"section\">\n\t\t\t\t\t\t<div class=\"elementor-container elementor-column-gap-default\">\n\t\t\t\t<div class=\"elementor-row\">\n\t\t\t\t<div class=\"elementor-element elementor-element-1959698 locationcol01 elementor-column elementor-col-50 elementor-top-column\" data-id=\"1959698\" data-element_type=\"column\">\n\t\t\t<div class=\"elementor-column-wrap  elementor-element-populated\">\n\t\t\t\t\t<div class=\"elementor-widget-wrap\">\n\t\t\t\t<div class=\"elementor-element elementor-element-76b04e6 elementor-widget elementor-widget-text-editor\" data-id=\"76b04e6\" data-element_type=\"widget\" data-widget_type=\"text-editor.default\">\n\t\t\t\t<div class=\"elementor-widget-container\">\n\t\t\t\t\t<div class=\"elementor-text-editor elementor-clearfix\"><h4><b>Anidri:<\/b><\/h4>\n<p class=\"hiddentxt\">ist etwa 5 km n\u00f6rdlich von Paleochora gelegen. Sie fahren aus Paleochora entweder am Steinstrand Richtung Osten entlang oder Sie folgen den Schildern \u201eChristos Place\u201c und Anidri. Die Stra\u00dfe f\u00fchrt Sie am Campingplatz Paleochora entlang und sie folgen dann der wundersch\u00f6nen kleinen Bergstra\u00dfe hoch ins Dorf. Anidri ist ein kleines Bergdorf mit etwa 50 Einwohnenden. Neben der Familie Vardoulakis, die diesen Ort gegr\u00fcndet haben, leben dort viele Menschen aus unterschiedlichen L\u00e4ndern, die an diesem wunderbaren Platz ihre neue Heimat gefunden haben.\nAnidri hat neben der sch\u00f6nen Landschaft und dem atemberaubenden Ausblick auf das Libysche Meer drei Attraktionen: Einmal die Doppelkirche von St. George und St. Nikolaus mit ihren gut erhaltenen Fresken aus dem Jahr 1323 von Ioannis Pagomenos. Zum zweiten gibt es diese bezaubernde kleine Schlucht, die von Anidri \u00fcber eine 45-min\u00fctigen Wanderweg zur dritten Attraktion, dem traumhaften Strand mit Namen \u201eAnidristrand\u201c oder \u201eGialiskaristrand\u201c f\u00fchrt.\nDort gibt es alles, was einen Strandtag perfekt macht: Das wunderbare Meer, wundersch\u00f6ne Steine, eine tolle Schnorchelwelt, wenn gew\u00fcnscht Liegen und Sonnenschirme, kleine Snackbars f\u00fcr den kleinen Hunger oder Durst zwischendurch und den ungew\u00f6hnlichsten Friseursalon, den Sie je gesehen haben. Und es gibt einen Standabschnitt f\u00fcr Nacktbadene.<\/p><\/div>\n\t\t\t\t<\/div>\n\t\t\t\t<\/div>\n\t\t\t\t\t\t<\/div>\n\t\t\t<\/div>\n\t\t<\/div>\n\t\t\t\t<div class=\"elementor-element elementor-element-5a800f9 elementor-column elementor-col-50 elementor-top-column\" data-id=\"5a800f9\" data-element_type=\"column\">\n\t\t\t<div class=\"elementor-column-wrap  elementor-element-populated\">\n\t\t\t\t\t<div class=\"elementor-widget-wrap\">\n\t\t\t\t<div class=\"elementor-element elementor-element-8de8229 elementor-widget elementor-widget-image\" data-id=\"8de8229\" data-element_type=\"widget\" data-widget_type=\"image.default\">\n\t\t\t\t<div class=\"elementor-widget-container\">\n\t\t\t\t\t<div class=\"elementor-image\">\n\t\t\t\t\t\t\t\t\t\t<img loading=\"lazy\" decoding=\"async\" width=\"800\" height=\"600\" src=\"https:\/\/www.christosplace.gr\/wp-content\/uploads\/2020\/10\/anidri-new.jpg\" class=\"attachment-full size-full\" alt=\"Christos Place\" srcset=\"https:\/\/www.christosplace.gr\/wp-content\/uploads\/2020\/10\/anidri-new.jpg 800w, https:\/\/www.christosplace.gr\/wp-content\/uploads\/2020\/10\/anidri-new-300x225.jpg 300w, https:\/\/www.christosplace.gr\/wp-content\/uploads\/2020\/10\/anidri-new-768x576.jpg 768w\" sizes=\"(max-width: 800px) 100vw, 800px\" \/>\t\t\t\t\t\t\t\t\t\t\t<\/div>\n\t\t\t\t<\/div>\n\t\t\t\t<\/div>\n\t\t\t\t\t\t<\/div>\n\t\t\t<\/div>\n\t\t<\/div>\n\t\t\t\t\t\t<\/div>\n\t\t\t<\/div>\n\t\t<\/section>\n\t\t\t\t<section class=\"elementor-element elementor-element-183e26f elementor-section-boxed elementor-section-height-default elementor-section-height-default elementor-section elementor-top-section\" data-id=\"183e26f\" data-element_type=\"section\">\n\t\t\t\t\t\t<div class=\"elementor-container elementor-column-gap-default\">\n\t\t\t\t<div class=\"elementor-row\">\n\t\t\t\t<div class=\"elementor-element elementor-element-b9b5fe9 elementor-column elementor-col-50 elementor-top-column\" data-id=\"b9b5fe9\" data-element_type=\"column\">\n\t\t\t<div class=\"elementor-column-wrap  elementor-element-populated\">\n\t\t\t\t\t<div class=\"elementor-widget-wrap\">\n\t\t\t\t<div class=\"elementor-element elementor-element-5719c4a elementor-widget elementor-widget-image\" data-id=\"5719c4a\" data-element_type=\"widget\" data-widget_type=\"image.default\">\n\t\t\t\t<div class=\"elementor-widget-container\">\n\t\t\t\t\t<div class=\"elementor-image\">\n\t\t\t\t\t\t\t\t\t\t<img loading=\"lazy\" decoding=\"async\" width=\"800\" height=\"600\" src=\"https:\/\/www.christosplace.gr\/wp-content\/uploads\/2020\/07\/paleochora-general.jpg\" class=\"attachment-full size-full\" alt=\"\" srcset=\"https:\/\/www.christosplace.gr\/wp-content\/uploads\/2020\/07\/paleochora-general.jpg 800w, https:\/\/www.christosplace.gr\/wp-content\/uploads\/2020\/07\/paleochora-general-300x225.jpg 300w, https:\/\/www.christosplace.gr\/wp-content\/uploads\/2020\/07\/paleochora-general-768x576.jpg 768w\" sizes=\"(max-width: 800px) 100vw, 800px\" \/>\t\t\t\t\t\t\t\t\t\t\t<\/div>\n\t\t\t\t<\/div>\n\t\t\t\t<\/div>\n\t\t\t\t\t\t<\/div>\n\t\t\t<\/div>\n\t\t<\/div>\n\t\t\t\t<div class=\"elementor-element elementor-element-ef51d3c locationcol01 elementor-column elementor-col-50 elementor-top-column\" data-id=\"ef51d3c\" data-element_type=\"column\">\n\t\t\t<div class=\"elementor-column-wrap  elementor-element-populated\">\n\t\t\t\t\t<div class=\"elementor-widget-wrap\">\n\t\t\t\t<div class=\"elementor-element elementor-element-1d2631d elementor-widget elementor-widget-text-editor\" data-id=\"1d2631d\" data-element_type=\"widget\" data-widget_type=\"text-editor.default\">\n\t\t\t\t<div class=\"elementor-widget-container\">\n\t\t\t\t\t<div class=\"elementor-text-editor elementor-clearfix\"><h4><b>Paleochora:<\/b><\/h4>\n<p class=\"hiddentxt\">Paleochora, auch bekannt als die Braut des libyschen Meeres, ist eine kleine Stadt auf einer Halbinsel, 75 km s\u00fcdlich von Chania. Es leben dort etwa 2.500 Menschen und es hat viele Sand- und Kiesstr\u00e4nde, die f\u00fcr jeden Geschmack und bei allen Wetter- und Windbedingungen geeignet sind.<br><br>\nZu den Merkmalen von Paleochora geh\u00f6ren die wei\u00dfen mit bunten Blumen geschm\u00fcckten H\u00e4user. Kleine G\u00e4sschen und Stra\u00dfen, die mit Caf\u00e9s und Restaurants ges\u00e4umt sind, laden zum Entspannen ein.<br><br>\nDie Aussicht von Paleochora ist magisch. Auf der einen Seite die wilde Landschaft mit ihren majest\u00e4tischen Bergen und auf der anderen Seite die idyllische Atmosph\u00e4re des libyschen Meeres.<br><br>\nPaleochora hat eine gute Infrastruktur und bietet Ihnen vielf\u00e4ltige Einkaufsm\u00f6glichkeiten, einen Optiker, Apotheken und eine medizinische Versorgung durch verschiedene \u00c4rzte. Auch bildende Kunst ist in Paleochora ein fester kultureller Bestandteil.<br><br>\nEntfernungen zu Anidri:<br>\n&#8211; Von Paleochora 5km<br>\n&#8211; Vom Airport Chania 1,5h<br>\n&#8211; Vom Airport Heraklion 3,5h<br>\n&#8211; Vom Gialiskaria Strand \u00fcber die Stra\u00dfe: 20 Min<\/p><\/div>\n\t\t\t\t<\/div>\n\t\t\t\t<\/div>\n\t\t\t\t\t\t<\/div>\n\t\t\t<\/div>\n\t\t<\/div>\n\t\t\t\t\t\t<\/div>\n\t\t\t<\/div>\n\t\t<\/section>\n\t\t\t\t\t\t<\/div>\n\t\t\t<\/div>\n\t\t<\/div>\n\t\t","protected":false},"excerpt":{"rendered":"<p>Lage Anidri: ist etwa 5 km n\u00f6rdlich von Paleochora gelegen. Sie fahren aus Paleochora entweder am Steinstrand Richtung Osten entlang oder Sie folgen den Schildern \u201eChristos<span class=\"excerpt-hellip\"> [\u2026]<\/span><\/p>\n","protected":false},"author":1,"featured_media":0,"parent":0,"menu_order":0,"comment_status":"closed","ping_status":"closed","template":"","meta":{"_seopress_robots_primary_cat":"","_seopress_titles_title":"","_seopress_titles_desc":"","_seopress_robots_index":"","footnotes":""},"_links":{"self":[{"href":"https:\/\/www.christosplace.gr\/de\/wp-json\/wp\/v2\/pages\/320"}],"collection":[{"href":"https:\/\/www.christosplace.gr\/de\/wp-json\/wp\/v2\/pages"}],"about":[{"href":"https:\/\/www.christosplace.gr\/de\/wp-json\/wp\/v2\/types\/page"}],"author":[{"embeddable":true,"href":"https:\/\/www.christosplace.gr\/de\/wp-json\/wp\/v2\/users\/1"}],"replies":[{"embeddable":true,"href":"https:\/\/www.christosplace.gr\/de\/wp-json\/wp\/v2\/comments?post=320"}],"version-history":[{"count":0,"href":"https:\/\/www.christosplace.gr\/de\/wp-json\/wp\/v2\/pages\/320\/revisions"}],"wp:attachment":[{"href":"https:\/\/www.christosplace.gr\/de\/wp-json\/wp\/v2\/media?parent=320"}],"curies":[{"name":"wp","href":"https:\/\/api.w.org\/{rel}","templated":true}]}}