{"id":570,"date":"2020-07-21T16:20:20","date_gmt":"2020-07-21T13:20:20","guid":{"rendered":"https:\/\/www.christosplace.gr\/\/?page_id=570"},"modified":"2020-08-12T15:46:52","modified_gmt":"2020-08-12T12:46:52","slug":"general-terms-and-conditions","status":"publish","type":"page","link":"https:\/\/www.christosplace.gr\/de\/general-terms-and-conditions\/","title":{"rendered":"Algemeine Geschafts bedigungen"},"content":{"rendered":"\t\t<div data-elementor-type=\"wp-page\" data-elementor-id=\"570\" class=\"elementor elementor-570\" data-elementor-settings=\"[]\">\n\t\t\t<div class=\"elementor-inner\">\n\t\t\t\t<div class=\"elementor-section-wrap\">\n\t\t\t\t\t\t\t<section class=\"elementor-element elementor-element-e9e89b0 elementor-section-stretched elementor-section-full_width pagebanner elementor-section-height-default elementor-section-height-default elementor-section elementor-top-section\" data-id=\"e9e89b0\" data-element_type=\"section\" data-settings=\"{&quot;stretch_section&quot;:&quot;section-stretched&quot;,&quot;background_background&quot;:&quot;classic&quot;}\">\n\t\t\t\t\t\t<div class=\"elementor-container elementor-column-gap-default\">\n\t\t\t\t<div class=\"elementor-row\">\n\t\t\t\t<div class=\"elementor-element elementor-element-c870cf1 elementor-column elementor-col-100 elementor-top-column\" data-id=\"c870cf1\" data-element_type=\"column\">\n\t\t\t<div class=\"elementor-column-wrap  elementor-element-populated\">\n\t\t\t\t\t<div class=\"elementor-widget-wrap\">\n\t\t\t\t<div class=\"elementor-element elementor-element-3428de2 pagetitle elementor-widget elementor-widget-text-editor\" data-id=\"3428de2\" data-element_type=\"widget\" data-widget_type=\"text-editor.default\">\n\t\t\t\t<div class=\"elementor-widget-container\">\n\t\t\t\t\t<div class=\"elementor-text-editor elementor-clearfix\"><h1 style=\"text-align: center;\">Algemeine Geschafts bedigungen<\/h1><\/div>\n\t\t\t\t<\/div>\n\t\t\t\t<\/div>\n\t\t\t\t\t\t<\/div>\n\t\t\t<\/div>\n\t\t<\/div>\n\t\t\t\t\t\t<\/div>\n\t\t\t<\/div>\n\t\t<\/section>\n\t\t\t\t<section class=\"elementor-element elementor-element-6dbd05d elementor-section-boxed elementor-section-height-default elementor-section-height-default elementor-section elementor-top-section\" data-id=\"6dbd05d\" data-element_type=\"section\">\n\t\t\t\t\t\t<div class=\"elementor-container elementor-column-gap-default\">\n\t\t\t\t<div class=\"elementor-row\">\n\t\t\t\t<div class=\"elementor-element elementor-element-6a1a45b elementor-column elementor-col-100 elementor-top-column\" data-id=\"6a1a45b\" data-element_type=\"column\">\n\t\t\t<div class=\"elementor-column-wrap  elementor-element-populated\">\n\t\t\t\t\t<div class=\"elementor-widget-wrap\">\n\t\t\t\t<div class=\"elementor-element elementor-element-4e47f29 cottagesentrytxt elementor-widget elementor-widget-text-editor\" data-id=\"4e47f29\" data-element_type=\"widget\" data-widget_type=\"text-editor.default\">\n\t\t\t\t<div class=\"elementor-widget-container\">\n\t\t\t\t\t<div class=\"elementor-text-editor elementor-clearfix\"><p><strong>BEDINGUNGEN<\/strong><\/p><p>Hier sind die allgemeinen Richtlinien von <strong>Christos Place<\/strong>.<br \/>Da diese je nach Zimmertyp variieren k\u00f6nnen, lesen Sie bitte auch die Zimmerbeschreibung.<\/p><p><strong>Check-in<\/strong><br \/>16:00 Uhr oder sp\u00e4ter<\/p><p><strong>Auschecken<\/strong><br \/>Sp\u00e4testens um 11:00 Uhr<\/p><p><strong>\u00a0<\/strong><\/p><p><strong>KINDER UND ZUS\u00c4TZLICHE BETTEN<\/strong><\/p><p>&#8211; Einem Kind unter 1 Jahr wird ein Bett angeboten. Ohne Extrakosten.<\/p><p>&#8211; Kinder \u00fcber 1 Jahr oder Erwachsene zahlen pro Tag und Person, wenn sie vorhandene Betten nutzen.<\/p><p>&#8211; Die maximale Anzahl von Zustellbetten in einem Zimmer betr\u00e4gt 1.<\/p><p>&#8211; Ein Babybett ist auf Anfrage erh\u00e4ltlich.<\/p><p>&#8211; Haustiere sind nicht erlaubt.<\/p><p>&#8211; WLAN ist im gesamten Hotel verf\u00fcgbar und kostenlos.<\/p><p>&#8211; Die Unterkunft beinhaltet keine Mahlzeiten.<\/p><p>&#8211; Private Parkpl\u00e4tze stehen im Unterkunftsbereich kostenlos zur Verf\u00fcgung.<\/p><p>&#8211; Individuell gesteuerte Klimaanlage und Heizung werden nicht berechnet.<\/p><p><strong>\u00a0<\/strong><\/p><p><strong>ANZAHLUNG<\/strong><\/p><p>&#8211; W\u00e4hrend der Kommunikation mit uns werden Sie um eine Anzahlung von 30% des Gesamtbetrags gebeten, damit Ihre Buchung g\u00fcltig ist.<\/p><p>&#8211; Alle Zahlungen (vollst\u00e4ndige Zahlung, Anzahlung) k\u00f6nnen per Bank\u00fcberweisung oder per Kreditkarte erfolgen.<\/p><p>&#8211; Alle Reservierungen werden gehalten, bis wir Ihre Anzahlung f\u00fcr diese Buchung erhalten.<\/p><p>&#8211; KEINE Reservierung gilt als \u201ebest\u00e4tigt\u201c, es sei denn, wir haben eine Anzahlung oder die vollst\u00e4ndige Zahlung der Buchung erhalten.<\/p><p><strong>\u00a0<\/strong><\/p><p><strong>ZAHLUNGSBILANZ<\/strong><\/p><p>&#8211; Sie werden gebeten, den Restbetrag der Buchung (voller Betrag abz\u00fcglich Anzahlung) am Tag Ihrer Ankunft zu bezahlen.<\/p><p>&#8211; Die Zahlung kann in bar oder per Kreditkarte erfolgen. Akzeptierte Kreditkarten sind:<br \/>Visum, Mastercard.<\/p><p><strong>\u00a0<\/strong><\/p><p><strong>KREDITKARTE<\/strong><\/p><p>Wenn Sie die Anzahlung per Kreditkarte bezahlen m\u00f6chten, teilen Sie uns dies bitte \u00fcber unser Kontaktformular auf unserer Website mit oder senden Sie uns eine E-Mail direkt an info@christosplace.gr<\/p><p><strong>\u00a0<\/strong><\/p><p><strong>STORNIERUNG \/ \u00c4NDERUNGSANFRAGE \/ NICHT ERSCHEINEN<\/strong><\/p><p>&#8211; Aufgrund der Tatsache, dass das Hotel nur sehr wenige Zimmer hat und unsere Politik streng ist, zuerst buchen &#8211; zuerst servieren.<br \/>&#8211; Im Falle einer Stornierung bis zu 61 Tage vor Ihrer Ankunft wird Ihnen Ihre Anzahlung vollst\u00e4ndig zur\u00fcckerstattet.<\/p><p>&#8211; Im Falle einer Stornierung von 60 bis 11 Tagen vor Ihrer Ankunft wird Ihnen Ihre Anzahlung NICHT zur\u00fcckerstattet.<\/p><p>&#8211; Bei Nichterscheinen oder Stornierung 10 Tage vor Ihrer Ankunft werden Ihnen 100% Ihres gesamten Buchungsbetrags berechnet.<\/p><p>&#8211; Sie erhalten die volle R\u00fcckerstattung Ihrer Anzahlung oder des gesamten Buchungsbetrags, wenn Sie einen anderen Gast finden, der den Vertrag unter den gleichen Bedingungen einh\u00e4lt.<\/p><p>&#8211; Wenn Sie Ihren Aufenthalt vorzeitig beenden oder sp\u00e4t ankommen, haften Sie f\u00fcr den vollen Mietbetrag.<\/p><p><strong>So stornieren Sie<\/strong><\/p><p>Sie k\u00f6nnen auf die E-Mail in der Best\u00e4tigungs-E-Mail antworten, die Sie bei Ihrer Buchung erhalten haben.<\/p><p>Sie k\u00f6nnen uns auch direkt kontaktieren.<\/p><p><strong>\u00a0<\/strong><\/p><p><strong>ZAHLUNG UND SICHERHEIT<\/strong><\/p><p>Wenn Sie sich f\u00fcr eine Zahlung per Kreditkarte entscheiden, werden Sie aufgefordert, uns Ihre Kreditkartendaten \u00fcber eine sichere Webseite (Name, Nachname, Kartennummer, Ablaufdatum, CVV-Nummer) weiterzuleiten.<\/p><p>&#8211; Ihre pers\u00f6nlichen Daten und Ihre Kreditkarte werden \u00fcber die sichere Verbindung Secure Socket Layer (SSL) verwendet. Das Modell verwendet eine Protokoll-SSL-Verschl\u00fcsselung, um sicherzustellen, dass Ihre Daten gesch\u00fctzt sind und nicht von anderen angezeigt oder verwendet werden. Alle Kreditkartendaten werden von einem sicheren Zahlungssystem mit einem digitalen Sicherheitszertifikat verwaltet.<\/p><p>&#8211; <strong>Christos Place<\/strong> speichert keine Kreditkartendaten, die gem\u00e4\u00df griechischem Recht und nur zum Abschluss der Transaktion verwendet werden.<\/p><p>&#8211; Wenn Sie sich f\u00fcr eine Buchung entscheiden, werden Ihre pers\u00f6nlichen Daten an das Hotel gesendet und gem\u00e4\u00df der griechischen Gesetzgebung nur verwendet, um die ordnungsgem\u00e4\u00dfe Erbringung der Buchungsleistungen sicherzustellen. Ihre pers\u00f6nlichen Daten d\u00fcrfen ohne Ihre schriftliche Zustimmung nicht ver\u00f6ffentlicht oder an Dritte weitergegeben werden.<\/p><p><strong>\u00a0<\/strong><\/p><p><strong>SONSTIGE GEB\u00dcHREN \/ STEUERN<\/strong><\/p><p>&#8211; Die Preise beinhalten Steuern, es fallen keine weiteren Geb\u00fchren an.<\/p><p>&#8211; <strong>Christos Place<\/strong> sind erstklassige Unterk\u00fcnfte gem\u00e4\u00df der Entscheidung der griechischen nationalen Tourismusorganisation 6855, Signal Nr.: XXXXXXXX<\/p><p><strong>\u00a0<\/strong><\/p><p><strong>ALLGEMEINE FRAGEN<\/strong><\/p><p><strong>F:<\/strong> Sind Steuern in den Zimmerpreisen enthalten?<br \/><strong>A:<\/strong> Ja, die angegebenen Preisinformationen sind endg\u00fcltig und enthalten alle Steuern.<\/p><p><strong style=\"letter-spacing: 0px;\">F:<\/strong><span style=\"letter-spacing: 0px;\"> Muss ich das Zimmer im Voraus bezahlen?<br \/><\/span><strong style=\"letter-spacing: 0px;\">A:<\/strong><span style=\"letter-spacing: 0px;\"> Eine Anzahlung ist erforderlich, um Ihre Reservierung zu sichern.<\/span><\/p><p><strong style=\"letter-spacing: 0px;\">F:<\/strong><span style=\"letter-spacing: 0px;\"> Welche Kreditkartentypen werden akzeptiert?<br \/><\/span><strong style=\"letter-spacing: 0px;\">A:<\/strong><span style=\"letter-spacing: 0px;\"> Visa, MasterCard<\/span><\/p><p><strong style=\"letter-spacing: 0px;\">F:<\/strong><span style=\"letter-spacing: 0px;\"> Ich habe keine Kreditkarte. Kann ich ein Zimmer buchen?<br \/><\/span><strong style=\"letter-spacing: 0px;\">A:<\/strong><span style=\"letter-spacing: 0px;\"> Wenn Sie unser sicheres Zahlungssystem Secure Payment nicht nutzen m\u00f6chten, k\u00f6nnen Sie per \u00dcberweisung bezahlen. Sie k\u00f6nnen uns direkt kontaktieren, um weitere Informationen zu diesem Thema zu erhalten.<\/span><\/p><p><strong style=\"letter-spacing: 0px;\">F:<\/strong><span style=\"letter-spacing: 0px;\"> Kann ich ein Zimmer per E-Mail oder Telefon buchen?<br \/><\/span><strong style=\"letter-spacing: 0px;\">A:<\/strong><span style=\"letter-spacing: 0px;\"> Ja, bitte besuchen Sie unsere Kontaktseite.<\/span><\/p><p><strong style=\"letter-spacing: 0px;\">F:<\/strong><span style=\"letter-spacing: 0px;\"> Ich habe eine Reservierung vorgenommen, aber keine Best\u00e4tigung erhalten. Was soll ich machen?<br \/><\/span><strong style=\"letter-spacing: 0px;\">A:<\/strong><span style=\"letter-spacing: 0px;\"> Bitte kontaktieren Sie uns sofort.<\/span><\/p><p><strong style=\"letter-spacing: 0px;\">F:<\/strong><span style=\"letter-spacing: 0px;\"> Wie kann ich meine Reservierung stornieren oder \u00e4ndern?<br \/><\/span><strong style=\"letter-spacing: 0px;\">A:<\/strong><span style=\"letter-spacing: 0px;\"> Bitte kontaktieren Sie uns zu diesem Thema.<\/span><\/p><p><strong>F:<\/strong> Woher wei\u00df ich, ob meine Reservierung storniert wurde?<br \/><strong>A:<\/strong> Sie erhalten eine E-Mail mit dem Hinweis, dass Ihre Buchung storniert wurde.<\/p><\/div>\n\t\t\t\t<\/div>\n\t\t\t\t<\/div>\n\t\t\t\t\t\t<\/div>\n\t\t\t<\/div>\n\t\t<\/div>\n\t\t\t\t\t\t<\/div>\n\t\t\t<\/div>\n\t\t<\/section>\n\t\t\t\t\t\t<\/div>\n\t\t\t<\/div>\n\t\t<\/div>\n\t\t","protected":false},"excerpt":{"rendered":"<p>Algemeine Geschafts bedigungen BEDINGUNGEN Hier sind die allgemeinen Richtlinien von Christos Place.Da diese je nach Zimmertyp variieren k\u00f6nnen, lesen Sie bitte auch die Zimmerbeschreibung. Check-in16:00 Uhr<span class=\"excerpt-hellip\"> [\u2026]<\/span><\/p>\n","protected":false},"author":1,"featured_media":0,"parent":0,"menu_order":0,"comment_status":"closed","ping_status":"closed","template":"","meta":{"_seopress_robots_primary_cat":"","_seopress_titles_title":"","_seopress_titles_desc":"","_seopress_robots_index":"","footnotes":""},"_links":{"self":[{"href":"https:\/\/www.christosplace.gr\/de\/wp-json\/wp\/v2\/pages\/570"}],"collection":[{"href":"https:\/\/www.christosplace.gr\/de\/wp-json\/wp\/v2\/pages"}],"about":[{"href":"https:\/\/www.christosplace.gr\/de\/wp-json\/wp\/v2\/types\/page"}],"author":[{"embeddable":true,"href":"https:\/\/www.christosplace.gr\/de\/wp-json\/wp\/v2\/users\/1"}],"replies":[{"embeddable":true,"href":"https:\/\/www.christosplace.gr\/de\/wp-json\/wp\/v2\/comments?post=570"}],"version-history":[{"count":0,"href":"https:\/\/www.christosplace.gr\/de\/wp-json\/wp\/v2\/pages\/570\/revisions"}],"wp:attachment":[{"href":"https:\/\/www.christosplace.gr\/de\/wp-json\/wp\/v2\/media?parent=570"}],"curies":[{"name":"wp","href":"https:\/\/api.w.org\/{rel}","templated":true}]}}